{"id":82,"date":"2019-06-10T14:17:11","date_gmt":"2019-06-10T19:17:11","guid":{"rendered":"https:\/\/mazuera.com\/copa\/register\/"},"modified":"2019-06-10T14:17:11","modified_gmt":"2019-06-10T19:17:11","slug":"register","status":"publish","type":"page","link":"https:\/\/www.mazuera.com\/mundial2026\/register\/","title":{"rendered":"Registro"},"content":{"rendered":"\n<div class=\"um um-register um-76\">\n\t<div class=\"um-form\" data-mode=\"register\">\n\t\t<form method=\"post\" action=\"\">\n\t\t\t<div class=\"um-row _um_row_1 \" style=\"margin: 0 0 30px 0;\"><div class=\"um-col-1\"><div  id=\"um_field_76_user_login\" class=\"um-field um-field-text  um-field-user_login um-field-text um-field-type_text\" data-key=\"user_login\"><div class=\"um-field-label\"><label for=\"user_login-76\">Usuario<span class=\"um-req\" title=\"Obligatorio\">*<\/span><\/label><div class=\"um-clear\"><\/div><\/div><div class=\"um-field-area\"><input  autocomplete=\"off\" class=\"um-form-field valid \" type=\"text\" name=\"user_login-76\" id=\"user_login-76\" value=\"\" placeholder=\"\" data-validate=\"unique_username\" data-key=\"user_login\"  aria-invalid=\"false\" \/>\n\n\t\t\t\t\t\t<\/div><\/div><div  id=\"um_field_76_first_name\" class=\"um-field um-field-text  um-field-first_name um-field-text um-field-type_text\" data-key=\"first_name\"><div class=\"um-field-label\"><label for=\"first_name-76\">Nombres<span class=\"um-req\" title=\"Obligatorio\">*<\/span><\/label><div class=\"um-clear\"><\/div><\/div><div class=\"um-field-area\"><input  autocomplete=\"off\" class=\"um-form-field valid \" type=\"text\" name=\"first_name-76\" id=\"first_name-76\" value=\"\" placeholder=\"\" data-validate=\"\" data-key=\"first_name\"  aria-invalid=\"false\" \/>\n\n\t\t\t\t\t\t<\/div><\/div><div  id=\"um_field_76_last_name\" class=\"um-field um-field-text  um-field-last_name um-field-text um-field-type_text\" data-key=\"last_name\"><div class=\"um-field-label\"><label for=\"last_name-76\">Apellidos<\/label><div class=\"um-clear\"><\/div><\/div><div class=\"um-field-area\"><input  autocomplete=\"off\" class=\"um-form-field valid not-required \" type=\"text\" name=\"last_name-76\" id=\"last_name-76\" value=\"\" placeholder=\"\" data-validate=\"\" data-key=\"last_name\"  aria-invalid=\"false\" \/>\n\n\t\t\t\t\t\t<\/div><\/div><div  id=\"um_field_76_user_email\" class=\"um-field um-field-text  um-field-user_email um-field-text um-field-type_text\" data-key=\"user_email\"><div class=\"um-field-label\"><label for=\"user_email-76\">E-mail<span class=\"um-req\" title=\"Obligatorio\">*<\/span><\/label><div class=\"um-clear\"><\/div><\/div><div class=\"um-field-area\"><input  autocomplete=\"off\" class=\"um-form-field valid \" type=\"text\" name=\"user_email-76\" id=\"user_email-76\" value=\"\" placeholder=\"\" data-validate=\"unique_email\" data-key=\"user_email\"  aria-invalid=\"false\" \/>\n\n\t\t\t\t\t\t<\/div><\/div><div  id=\"um_field_76_user_password\" class=\"um-field um-field-password  um-field-user_password um-field-password um-field-type_password\" data-key=\"user_password\"><div class=\"um-field-label\"><label for=\"user_password-76\">Contrase\u00f1a<span class=\"um-req\" title=\"Obligatorio\">*<\/span><\/label><div class=\"um-clear\"><\/div><\/div><div class=\"um-field-area\"><div class=\"um-field-area-password\">\n\t\t\t\t\t\t\t\t\t<input class=\"um-form-field valid \" type=\"password\" name=\"user_password-76\" id=\"user_password-76\" value=\"\" placeholder=\"\" data-validate=\"\" data-key=\"user_password\"  aria-invalid=\"false\" \/>\n\t\t\t\t\t\t\t\t\t<span class=\"um-toggle-password\"><i class=\"um-icon-eye\"><\/i><\/span>\n\t\t\t\t\t\t\t\t<\/div>\n\t\t\t\t\t\t\t<\/div><\/div><div  id=\"um_field_76_confirm_user_password\" class=\"um-field um-field-password  um-field-user_password um-field-password um-field-type_password\" data-key=\"confirm_user_password\"><div class=\"um-field-label\"><label for=\"confirm_user_password-76\">Confirmar Contrase\u00f1a<span class=\"um-req\" title=\"Obligatorio\">*<\/span><\/label><div class=\"um-clear\"><\/div><\/div><div class=\"um-field-area\"><div class=\"um-field-area-password\"><input class=\"um-form-field valid \" type=\"password\" name=\"confirm_user_password-76\" id=\"confirm_user_password-76\" value=\"\" placeholder=\"Confirmar Contrase\u00f1a\" data-validate=\"\" data-key=\"confirm_user_password\"  aria-invalid=\"false\" \/><span class=\"um-toggle-password\"><i class=\"um-icon-eye\"><\/i><\/span><\/div><\/div><\/div><div  id=\"um_field_76_mobile_number\" class=\"um-field um-field-tel  um-field-mobile_number um-field-tel um-field-type_tel\" data-key=\"mobile_number\"><div class=\"um-field-label\"><div class=\"um-field-label-icon\"><i class=\"fas fa-mobile-screen\" aria-label=\"N\u00famero de m\u00f3vil\"><\/i><\/div><label for=\"mobile_number-76\">N\u00famero de m\u00f3vil<\/label><div class=\"um-clear\"><\/div><\/div><div class=\"um-field-area\"><input  autocomplete=\"off\" class=\"um-form-field valid not-required \" type=\"tel\" name=\"mobile_number-76\" id=\"mobile_number-76\" value=\"\" placeholder=\"\" data-validate=\"phone_number\" data-key=\"mobile_number\"  aria-invalid=\"false\" \/>\n\n\t\t\t\t\t\t<\/div><\/div><\/div><\/div>\n<!-- This file should primarily consist of HTML with a little bit of PHP. -->\n<div class=\"um-field um-field-type_terms_conditions\" data-key=\"use_terms_conditions_agreement\" style=\"display:block;padding:0;\">\n\t<div class=\"um-field-area\">\n\t\t<div class=\"um-gdpr-content\" style=\"display:none;\">\n\t\t\t<p><span style=\"color: #000000\"><strong><em>REGLAS DE JUEGO COPA MUNDIAL 2026<\/em><\/strong><\/span><\/p>\n<ol>\n<li><span style=\"color: #000000\">Para la creaci\u00f3n del usuario deber\u00e1 registrarse como nuevo usuario desde la pesta\u00f1a Iniciar sesi\u00f3n o la pesta\u00f1a de \u201c<a style=\"color: #000000\" href=\"https:\/\/www.mazuera.com\/mundial2026\/register\/\">Registro<\/a>\u201d ubicada en la parte superior de la p\u00e1gina web.<\/span><\/li>\n<\/ol>\n<div style=\"text-align: center\"><span style=\"color: #000000\"><img decoding=\"async\" class=\"\" src=\"https:\/\/mazuera.com\/mundial2026\/wp-content\/uploads\/2024\/06\/1.png\" \/><\/span><\/div>\n<ul>\n<li><span style=\"color: #000000\">En el formulario de registro, todos los campos son obligatorios. *<\/span><\/li>\n<li><span style=\"color: #000000\">Al empezar a registrarse la p\u00e1gina le pedir\u00e1 completar el perfil con los siguientes datos que son obligatorios:<\/span><\/li>\n<\/ul>\n<p style=\"text-align: center\"><span style=\"color: #000000\">Usuario, Nombre(s), Apellido(s), E-mail, Contrase\u00f1a, Confirmar Contrase\u00f1a, N\u00famero M\u00f3vil:<\/span><\/p>\n<div style=\"text-align: center\"><span style=\"color: #000000\"><img decoding=\"async\" loading=\"lazy\" class=\"\" src=\"https:\/\/mazuera.com\/mundial2026\/wp-content\/uploads\/2024\/06\/2.png\" width=\"376\" height=\"476\" \/><\/span><\/div>\n<ul>\n<li style=\"list-style-type: none\">\n<ul>\n<li><span style=\"color: #000000\">*Este paso es muy importante ya que sin este paso no se completar\u00e1 el registro correctamente y no podr\u00e1 participar en la polla.<\/span><\/li>\n<li><span style=\"color: #000000\">En la p\u00e1gina principal, pesta\u00f1a Reglas &#8211; App M\u00f3vil, encontrar\u00e1 las instrucciones para la instalaci\u00f3n de la aplicaci\u00f3n en su dispositivo Android o iOS.<\/span><\/li>\n<\/ul>\n<\/li>\n<\/ul>\n<div style=\"text-align: center\"><span style=\"color: #000000\"><img decoding=\"async\" class=\"\" src=\"https:\/\/mazuera.com\/mundial2026\/wp-content\/uploads\/2024\/06\/5.png\" \/><\/span><\/div>\n<ol>\n<li><span style=\"color: #000000\">El valor de la inscripci\u00f3n es de <strong>$100.000<\/strong> y se debe cancelar en la oficina de recursos humanos.<\/span><\/li>\n<li><span style=\"color: #000000\">Para la puntuaci\u00f3n de los partidos se manejar\u00e1 de la siguiente manera:<\/span><\/li>\n<\/ol>\n<ul>\n<li><span style=\"color: #000000\">Para la persona que tenga el marcador exacto se le sumar\u00e1n <strong>3 puntos<\/strong> en la clasificaci\u00f3n. Ejemplo:<\/span><\/li>\n<\/ul>\n<p><span style=\"color: #000000\">*Resultado: M\u00e9xico VS Sud\u00e1frica (0 \u2013 0). Marcador ingresado: (0 \u2013 0). <strong>3 puntos<\/strong><\/span><\/p>\n<ul>\n<li><span style=\"color: #000000\">Para la persona que tenga el marcador de una forma l\u00f3gica se le sumar\u00e1 <strong>1 punto<\/strong> en la clasificaci\u00f3n. Ejemplo:<\/span><\/li>\n<\/ul>\n<p><span style=\"color: #000000\">*Resultado: M\u00e9xico VS Sud\u00e1frica (0 \u2013 0). Marcador ingresado: (2 \u2013 2): <strong>1 punto<\/strong><\/span><\/p>\n<ol>\n<li><span style=\"color: #000000\">La fecha y hora m\u00e1xima para colocar los marcadores de los partidos ser\u00e1 <strong>1 hora antes del partido<\/strong>. Ejemplo:<\/span><\/li>\n<\/ol>\n<ul>\n<li><span style=\"color: #000000\">M\u00e9xico VS Sud\u00e1frica. <strong>Cierre: Jueves 11 de junio de 2026. 6:00 PM<\/strong><\/span><\/li>\n<li><span style=\"color: #000000\">Corea del Sur VS Chequia. <strong>Cierre: Jueves 11 de junio de 2026. 1:00 AM<\/strong><\/span><\/li>\n<li><span style=\"color: #000000\">Para saber si el marcador ingresado fue guardado correctamente en el sistema debe aparecer de la siguiente forma: \u201cGuardado\u201d o \u201cMatch 1 saved\u201d.<\/span><\/li>\n<\/ul>\n<ol>\n<li><span style=\"color: #000000\">Al cierre de las predicciones de cada partido, cualquier usuario podr\u00e1 acceder al apartado de \u201c<strong>Puntos Por Jugador<\/strong>\u201d ubicado en el men\u00fa superior, donde se encuentran los marcadores que todos los usuarios ingresaron para el partido que se va a jugar pr\u00f3ximamente.<\/span><\/li>\n<\/ol>\n<div style=\"text-align: center\"><span style=\"color: #000000\"><img decoding=\"async\" class=\"\" src=\"https:\/\/mazuera.com\/mundial2026\/wp-content\/uploads\/2024\/06\/4.png\" \/><\/span><\/div>\n<ul>\n<li><span style=\"color: #000000\">La p\u00e1gina de \u201c<strong>Estad\u00edsticas Partidos Jugados<\/strong>\u201d no estar\u00e1 disponible para los partidos que se jueguen otro d\u00eda u horas despu\u00e9s.<\/span><\/li>\n<\/ul>\n<ol>\n<li><span style=\"color: #000000\">Para ver la cantidad de puntos acumulados por todos los usuarios, en la pesta\u00f1a \u201cClasificaci\u00f3n\u201d ubicada en el men\u00fa superior, se observa una lista con los nombres de todas las personas y sus respectivos puntos hasta el momento.<img decoding=\"async\" class=\"\" src=\"https:\/\/mazuera.com\/mundial2026\/wp-content\/uploads\/2024\/06\/3.png\" \/><\/span><\/li>\n<li><span style=\"color: #000000\">Al iniciar sesi\u00f3n, abrir\u00e1 directamente la p\u00e1gina de \u201c<strong>Ingrese su Marcador<\/strong>\u201d, donde se encuentran las casillas para ingresar los resultados de los partidos futuros y las preguntas de bonificaci\u00f3n.<img decoding=\"async\" class=\"\" src=\"https:\/\/mazuera.com\/mundial2026\/wp-content\/uploads\/2024\/06\/6.png\" \/><\/span><\/li>\n<li><span style=\"color: #000000\"><strong>*<\/strong>El marcador v\u00e1lido para todos los partidos ser\u00e1 el de los primeros <strong>90 minutos de juego (1\u00b0 y 2\u00b0 tiempo)<\/strong>; por lo tanto, el marcador alcanzado en penaltis o en la pr\u00f3rroga no ser\u00e1 v\u00e1lido.<\/span><\/li>\n<li><span style=\"color: #000000\">El 100% del dinero de las inscripciones ser\u00e1 repartido a las personas con m\u00e1s puntos acumulados al final de los 104 partidos de la siguiente manera:<\/span><\/li>\n<\/ol>\n<ul>\n<li><span style=\"color: #000000\">Primer puesto recibir\u00e1 el <strong>50% de lo recaudado<\/strong><\/span><\/li>\n<li><span style=\"color: #000000\">Segundo puesto recibir\u00e1 el <strong>30% de lo recaudado<\/strong><\/span><\/li>\n<li><span style=\"color: #000000\">Tercer puesto recibir\u00e1 el <strong>20% de lo recaudado<\/strong><\/span><\/li>\n<li><span style=\"color: #000000\">Si en cualquiera de las posiciones anteriores existe m\u00e1s de un ganador, los premios asignados no guardar\u00e1n el orden por puestos anteriormente indicado, y se pagar\u00e1n los premios de la siguiente manera:<\/span><\/li>\n<\/ul>\n<p><span style=\"color: #000000\"><strong>Empate en la primera posici\u00f3n:<\/strong><\/span><\/p>\n<p><span style=\"color: #000000\">\u2013 Si hay dos ganadores, el primer y segundo premio se sumar\u00e1n (80%) y se dividir\u00e1n entre ellos; y quien qued\u00f3 en segunda posici\u00f3n recibir\u00e1 el premio del tercer puesto (20%). En este caso, quien haya quedado en tercera posici\u00f3n no tendr\u00e1 premio alguno.<\/span><\/p>\n<p><span style=\"color: #000000\">\u2013 Si hay tres o m\u00e1s ganadores en la primera posici\u00f3n, se sumar\u00e1 la totalidad de los premios (100%) y se dividir\u00e1 entre el n\u00famero de ganadores. En este caso, quienes hayan quedado en segunda y tercera posici\u00f3n no tendr\u00e1n premio alguno.<\/span><\/p>\n<p><span style=\"color: #000000\"><strong>Empate en la segunda posici\u00f3n:<\/strong> Si hay dos o m\u00e1s ganadores, el segundo y tercer premio se sumar\u00e1n (50%) y se dividir\u00e1n entre ellos. En este caso, quien haya quedado en tercera posici\u00f3n no tendr\u00e1 premio alguno.<\/span><\/p>\n<p><span style=\"color: #000000\"><strong>Empate en la tercera posici\u00f3n:<\/strong> Si hay dos o m\u00e1s ganadores, el premio se repartir\u00e1 entre ellos.<\/span><\/p>\n<ol>\n<li><span style=\"color: #000000\">Los marcadores ya ingresados pueden cambiarse antes de que el sistema cierre el marcador. Ya cerrado el sistema, el marcador quedar\u00e1 como lo guard\u00f3 la \u00faltima vez.<\/span><\/li>\n<li><span style=\"color: #000000\"><strong>*<\/strong>Si ocurre alg\u00fan problema en el &#8220;Men\u00fa de Inicio&#8221;, al final de la p\u00e1gina se encuentra la opci\u00f3n de comentarios, dudas o inquietudes que se tengan. Estas preguntas ser\u00e1n resueltas por el administrador lo m\u00e1s pronto posible o tambi\u00e9n pueden <a style=\"color: #000000\" href=\"mailto:rodasmontoyaoscarandres@gmail.com\">escribir al correo del administrador<\/a>.<\/span><\/li>\n<\/ol>\n<p><span style=\"color: #000000\">12. <strong>* Todo suma.<\/strong> No acertar ni en la l\u00f3gica ni el marcador no resta puntos de ninguna forma.<\/span><\/p>\n<p><span style=\"color: #000000\"><strong>Mucha suerte!!!!<\/strong><\/span><\/p>\n\t\t<\/div>\n\t\t<a href=\"javascript:void(0);\" class=\"um-toggle-gdpr\" data-toggle-state=\"hidden\"\n\t\t\tdata-toggle-show=\"Mostrar las Reglas del Juego\"\n\t\t\tdata-toggle-hide=\"Ocultar las Reglas del Juego\">\n\t\t\tMostrar las Reglas del Juego\t\t<\/a>\n\t<\/div>\n\t<div class=\"um-field-area\">\n\t\t<label class=\"um-field-checkbox\">\n\t\t\t<input type=\"checkbox\" name=\"use_gdpr_agreement\" value=\"1\">\n\t\t\t<span class=\"um-field-checkbox-state\"><i class=\"um-icon-android-checkbox-outline-blank\"><\/i><\/span>\n\t\t\t<span class=\"um-field-checkbox-option\">Por favor, confirma que est\u00e1s de acuerdo con nuestras Reglas del Juego para continuar con el registro<\/span>\n\t\t<\/label>\n\t\t<div class=\"um-clear\"><\/div>\n\t\t\t\t<div class=\"um-clear\"><\/div>\n\t<\/div>\n<\/div>\n\t<input type=\"hidden\" name=\"form_id\" id=\"form_id_76\" value=\"76\" \/>\n\t\t<p class=\"um_request_name\">\n\t\t<label for=\"um_request_76\">Only fill in if you are not human<\/label>\n\t\t<input type=\"hidden\" name=\"um_request\" id=\"um_request_76\" class=\"input\" value=\"\" size=\"25\" autocomplete=\"off\" \/>\n\t<\/p>\n\t<input type=\"hidden\" id=\"_wpnonce\" name=\"_wpnonce\" value=\"9cbdb6e9b6\" \/><input type=\"hidden\" name=\"_wp_http_referer\" value=\"\/mundial2026\/wp-json\/wp\/v2\/pages\/82\" \/>\n\t<div class=\"um-col-alt\">\n\n\t\t\n\t\t\t<div class=\"um-left um-half\">\n\t\t\t\t<input type=\"submit\" value=\"Registro\" class=\"um-button\" id=\"um-submit-btn\" \/>\n\t\t\t<\/div>\n\t\t\t<div class=\"um-right um-half\">\n\t\t\t\t<a href=\"https:\/\/mazuera.com\/mundial\/login\" class=\"um-button um-alt\">\n\t\t\t\t\tIngresar\t\t\t\t<\/a>\n\t\t\t<\/div>\n\n\t\t\n\t\t<div class=\"um-clear\"><\/div>\n\n\t<\/div>\n\n\t\t\t<\/form>\n\t<\/div>\n<\/div>\n<style>\n\t\t\t.um-76.um {\n\t\t\tmax-width: 450px;\n\t\t}\n\t\t<\/style>\n\n","protected":false},"excerpt":{"rendered":"","protected":false},"author":1,"featured_media":0,"parent":0,"menu_order":0,"comment_status":"closed","ping_status":"closed","template":"","meta":{"footnotes":""},"class_list":["post-82","page","type-page","status-publish","hentry"],"_links":{"self":[{"href":"https:\/\/www.mazuera.com\/mundial2026\/wp-json\/wp\/v2\/pages\/82","targetHints":{"allow":["GET"]}}],"collection":[{"href":"https:\/\/www.mazuera.com\/mundial2026\/wp-json\/wp\/v2\/pages"}],"about":[{"href":"https:\/\/www.mazuera.com\/mundial2026\/wp-json\/wp\/v2\/types\/page"}],"author":[{"embeddable":true,"href":"https:\/\/www.mazuera.com\/mundial2026\/wp-json\/wp\/v2\/users\/1"}],"replies":[{"embeddable":true,"href":"https:\/\/www.mazuera.com\/mundial2026\/wp-json\/wp\/v2\/comments?post=82"}],"version-history":[{"count":0,"href":"https:\/\/www.mazuera.com\/mundial2026\/wp-json\/wp\/v2\/pages\/82\/revisions"}],"wp:attachment":[{"href":"https:\/\/www.mazuera.com\/mundial2026\/wp-json\/wp\/v2\/media?parent=82"}],"curies":[{"name":"wp","href":"https:\/\/api.w.org\/{rel}","templated":true}]}}